{"id":451,"date":"2021-04-21T10:21:52","date_gmt":"2021-04-21T10:21:52","guid":{"rendered":"https:\/\/daydreamtowels.com\/accueil\/"},"modified":"2025-11-24T17:53:41","modified_gmt":"2025-11-24T17:53:41","slug":"home","status":"publish","type":"page","link":"https:\/\/daydreamtowels.com\/en\/","title":{"rendered":"Home"},"content":{"rendered":"<h3>POURQUOI CHOISIR LES SERVIETTES GAUFR\u00c9E DAYDREAM TOWELS<\/h3>\n<p><img decoding=\"async\" src=\"https:\/\/daydreamtowels.com\/wp-content\/uploads\/2025\/10\/icon-absorbant.svg\" alt=\"Icon Absorbant\" \/><\/p>\n<h5>ABSORBANT<\/h5>\n<p><img decoding=\"async\" src=\"https:\/\/daydreamtowels.com\/wp-content\/uploads\/2025\/10\/icon-compact.svg\" alt=\"\" \/><\/p>\n<h5>COMPACT<\/h5>\n<p><img decoding=\"async\" src=\"https:\/\/daydreamtowels.com\/wp-content\/uploads\/2025\/10\/icon-seche-rapide.svg\" alt=\"Icon s\u00e9chage rapide\" \/><\/p>\n<h5>S\u00c9CHAGE RAPIDE<\/h5>\n<p><img decoding=\"async\" src=\"https:\/\/daydreamtowels.com\/wp-content\/uploads\/2025\/10\/icon-anti-sable.svg\" alt=\"Icon anti-sable\" \/><\/p>\n<h5>ANTI-SABLE<\/h5>\n<p><img decoding=\"async\" src=\"https:\/\/daydreamtowels.com\/wp-content\/uploads\/2025\/10\/icon-ecologique2.svg\" alt=\"Icon \u00e9cologique\" \/><\/p>\n<h5>MATI\u00c8RE RECYCL\u00c9E<\/h5>\n<p><img decoding=\"async\" src=\"https:\/\/daydreamtowels.com\/wp-content\/uploads\/2025\/10\/icon-creation-quebecoise.svg\" alt=\"\" \/><\/p>\n<h5>CR\u00c9ATION QU\u00c9B\u00c9COISE<\/h5>\n<p><img decoding=\"async\" src=\"https:\/\/daydreamtowels.com\/wp-content\/uploads\/2025\/10\/icon-abordable.svg\" alt=\"\" \/><\/p>\n<h5>ABORDABLE<\/h5>\n<h6>SERVIETTE DE PLAGE<\/h6>\n<h2>GAUFR\u00c9E<\/h2>\n<p><a href=\"https:\/\/daydreamtowels.com\/en\/produit\/beach-towel-groovy-retro\/\"><img decoding=\"async\" src=\"https:\/\/daydreamtowels.com\/wp-content\/uploads\/2025\/10\/serviette-groovy-retro-web-1-800x800.jpg\" alt=\"Serviette groovy retro web\" \/><img decoding=\"async\" src=\"https:\/\/daydreamtowels.com\/wp-content\/uploads\/2025\/10\/serviette-groovy-retro-verso.jpg\" alt=\"serviette groovy retro verso\" \/><\/a><a href=\"\/wp-admin\/admin-ajax.php?add-to-cart=263\">.path{fill:none;stroke:#333;stroke-miterlimit:10;stroke-width:1.5px;}<\/a><a href=\"https:\/\/daydreamtowels.com\/en\/produit\/beach-towel-groovy-retro\/\">.path{fill:none;stroke:#333;stroke-miterlimit:10;stroke-width:1.5px;}<\/a><\/p>\n<h5><a href=\"https:\/\/daydreamtowels.com\/en\/produit\/beach-towel-groovy-retro\/\">Serviette Groovy retro<\/a><\/h5>\n<p>$26.99<\/p>\n<p><a href=\"https:\/\/daydreamtowels.com\/en\/produit\/beach-towel-ocean-blue\/\"><img decoding=\"async\" src=\"https:\/\/daydreamtowels.com\/wp-content\/uploads\/2025\/10\/serviette-bleu-ocean-web-800x800.jpg\" alt=\"Serviette bleu oc\u00e9an\" \/><img decoding=\"async\" src=\"https:\/\/daydreamtowels.com\/wp-content\/uploads\/2025\/10\/serviette-bleu-ocean-verso.jpg\" alt=\"Serviette Bleu oc\u00e9an\" \/><\/a><a href=\"\/wp-admin\/admin-ajax.php?add-to-cart=274\">.path{fill:none;stroke:#333;stroke-miterlimit:10;stroke-width:1.5px;}<\/a><a href=\"https:\/\/daydreamtowels.com\/en\/produit\/beach-towel-ocean-blue\/\">.path{fill:none;stroke:#333;stroke-miterlimit:10;stroke-width:1.5px;}<\/a><\/p>\n<h5><a href=\"https:\/\/daydreamtowels.com\/en\/produit\/beach-towel-ocean-blue\/\">Serviette Bleu oc\u00e9an<\/a><\/h5>\n<p>$26.99<\/p>\n<p><a href=\"https:\/\/daydreamtowels.com\/en\/produit\/beach-towel-tropical-garden\/\"><img decoding=\"async\" src=\"https:\/\/daydreamtowels.com\/wp-content\/uploads\/2025\/10\/serviette-jardin-tropical-web-800x800.jpg\" alt=\"Serviette jardin tropical\" \/><img decoding=\"async\" src=\"https:\/\/daydreamtowels.com\/wp-content\/uploads\/2025\/10\/serviette-jardin-tropical-verso.jpg\" alt=\"Serviette jardin tropical verso\" \/><\/a><a href=\"\/wp-admin\/admin-ajax.php?add-to-cart=283\">.path{fill:none;stroke:#333;stroke-miterlimit:10;stroke-width:1.5px;}<\/a><a href=\"https:\/\/daydreamtowels.com\/en\/produit\/beach-towel-tropical-garden\/\">.path{fill:none;stroke:#333;stroke-miterlimit:10;stroke-width:1.5px;}<\/a><\/p>\n<h5><a href=\"https:\/\/daydreamtowels.com\/en\/produit\/beach-towel-tropical-garden\/\">Serviette Jardin tropical<\/a><\/h5>\n<p>$26.99<\/p>\n<p><img decoding=\"async\" src=\"https:\/\/daydreamtowels.com\/wp-content\/uploads\/2025\/10\/ligne-jaune-scaled.jpg\" alt=\"Ligne jaune\" \/><\/p>\n<h4>D\u00c9COUVRIR TOUS LES MOD\u00c8LES<\/h4>\n<p><a title=\"\" href=\"https:\/\/daydreamtowels.com\/shop\/\">SERVIETTE DE PLAGE<\/a><br \/>\n<img decoding=\"async\" src=\"https:\/\/daydreamtowels.com\/wp-content\/uploads\/2025\/10\/daydream-melange-photo.jpg\" alt=\"Image daydream towels\" \/><\/p>\n<h4>Une serviette =<\/h4>\n<p>3<\/p>\n<h3>Bouteille recycl\u00e9<\/h3>\n<h4>Un linge \u00e0 vaisselle =<\/h4>\n<p>1<\/p>\n<h3>Bouteille recycl\u00e9<\/h3>\n<p>Recycler les bouteilles de plastique a un impact positif majeur sur la plan\u00e8te. Cela r\u00e9duit la pollution, limite la production de nouveaux plastiques, \u00e9conomise l\u2019\u00e9nergie et pr\u00e9serve les ressources naturelles. Chaque bouteille recycl\u00e9e contribue \u00e0 diminuer les d\u00e9chets dans les oc\u00e9ans et \u00e0 b\u00e2tir un avenir plus durable pour tous.<\/p>\n<p><a title=\"\">Voir les produits<\/a><br \/>\n<img decoding=\"async\" src=\"https:\/\/daydreamtowels.com\/wp-content\/uploads\/2025\/10\/serviette-journee-ensoleille-matiere-recycle.jpg\" alt=\"Serviette journ\u00e9e ensoleill\u00e9e mati\u00e8re recycl\u00e9\" \/><br \/>\n<img decoding=\"async\" src=\"https:\/\/daydreamtowels.com\/wp-content\/uploads\/2025\/10\/serviette-gaufre-grouper2.jpg\" alt=\"\" \/><br \/>\n<img decoding=\"async\" src=\"https:\/\/daydreamtowels.com\/wp-content\/uploads\/2025\/10\/linge-vaisselle-ete-eternel-creation.jpg\" alt=\"Linge \u00e0 vaisselle \u00e9t\u00e9 \u00e9ternel\" \/><br \/>\n<img decoding=\"async\" src=\"https:\/\/daydreamtowels.com\/wp-content\/uploads\/2025\/10\/serviette-groovy-retro-verso.jpg\" alt=\"serviette groovy retro verso\" \/><br \/>\n<img decoding=\"async\" src=\"https:\/\/daydreamtowels.com\/wp-content\/uploads\/2025\/10\/linge-vaisselle-bouquet-dore-absorbant.jpg\" alt=\"Linge \u00e0 vaisselle bouquet dor\u00e9\" \/><\/p>\n<h2>INSCRIVEZ-VOUS<\/h2>\n<h2>\u00c0 NOTRE INFOLETTRE<\/h2>\n<p>Abonnez-vous \u00e0 notre infolettre pour rester inform\u00e9 de nos promotions exclusives et de nos nouveaut\u00e9s. Recevez les derni\u00e8res mises \u00e0 jour directement dans votre bo\u00eete courriel !<\/p>\n","protected":false},"excerpt":{"rendered":"<p>POURQUOI CHOISIR LES SERVIETTES GAUFR\u00c9E DAYDREAM TOWELS ABSORBANT COMPACT S\u00c9CHAGE RAPIDE ANTI-SABLE MATI\u00c8RE RECYCL\u00c9E CR\u00c9ATION QU\u00c9B\u00c9COISE ABORDABLE SERVIETTE DE PLAGE GAUFR\u00c9E .path{fill:none;stroke:#333;stroke-miterlimit:10;stroke-width:1.5px;}.path{fill:none;stroke:#333;stroke-miterlimit:10;stroke-width:1.5px;} Serviette Groovy retro $26.99<span class=\"excerpt-hellip\"> [\u2026]<\/span><\/p>\n","protected":false},"author":2,"featured_media":0,"parent":0,"menu_order":0,"comment_status":"open","ping_status":"closed","template":"","meta":{"footnotes":""},"class_list":["post-451","page","type-page","status-publish","hentry"],"_links":{"self":[{"href":"https:\/\/daydreamtowels.com\/en\/wp-json\/wp\/v2\/pages\/451","targetHints":{"allow":["GET"]}}],"collection":[{"href":"https:\/\/daydreamtowels.com\/en\/wp-json\/wp\/v2\/pages"}],"about":[{"href":"https:\/\/daydreamtowels.com\/en\/wp-json\/wp\/v2\/types\/page"}],"author":[{"embeddable":true,"href":"https:\/\/daydreamtowels.com\/en\/wp-json\/wp\/v2\/users\/2"}],"replies":[{"embeddable":true,"href":"https:\/\/daydreamtowels.com\/en\/wp-json\/wp\/v2\/comments?post=451"}],"version-history":[{"count":3,"href":"https:\/\/daydreamtowels.com\/en\/wp-json\/wp\/v2\/pages\/451\/revisions"}],"predecessor-version":[{"id":666,"href":"https:\/\/daydreamtowels.com\/en\/wp-json\/wp\/v2\/pages\/451\/revisions\/666"}],"wp:attachment":[{"href":"https:\/\/daydreamtowels.com\/en\/wp-json\/wp\/v2\/media?parent=451"}],"curies":[{"name":"wp","href":"https:\/\/api.w.org\/{rel}","templated":true}]}}