{"id":476,"date":"2021-04-21T10:17:21","date_gmt":"2021-04-21T10:17:21","guid":{"rendered":"https:\/\/daydreamtowels.com\/a-propos\/"},"modified":"2025-11-24T17:51:54","modified_gmt":"2025-11-24T17:51:54","slug":"about-us","status":"publish","type":"page","link":"https:\/\/daydreamtowels.com\/en\/about-us\/","title":{"rendered":"About us"},"content":{"rendered":"<h2>\u00c0 PROPOS<\/h2>\n<p>\u00a0<\/p>\n<p>DayDream towels est n\u00e9 de deux entrepreneurs passionn\u00e9s anim\u00e9s par une m\u00eame vision : offrir des produits qui allient qualit\u00e9, durabilit\u00e9 et style, tout en respectant notre plan\u00e8te. C\u2019est de cette id\u00e9e qu\u2019est n\u00e9e notre gamme de serviettes en microfibre gaufr\u00e9e, une alternative simple, efficace et \u00e9coresponsable aux serviettes traditionnelles.<\/p>\n<p>Nos mod\u00e8les sont imagin\u00e9s et con\u00e7us ici, au Qu\u00e9bec, avec une attention particuli\u00e8re port\u00e9e \u00e0 chaque d\u00e9tail : la texture, l\u2019absorption, la l\u00e9g\u00e8ret\u00e9 et la durabilit\u00e9. Nous croyons que la beaut\u00e9 d\u2019un produit r\u00e9side autant dans son design que dans son impact positif sur l\u2019environnement.<\/p>\n<p>Chaque serviette que nous cr\u00e9ons incarne notre engagement envers un mode de vie plus conscient. Fabriqu\u00e9es \u00e0 partir de mati\u00e8res recycl\u00e9es, elles permettent de donner une seconde vie aux bouteilles de plastique tout en r\u00e9duisant notre empreinte \u00e9cologique.<\/p>\n<p>Que ce soit pour accompagner vos journ\u00e9es \u00e0 la\u00a0maison, vos s\u00e9ances au\u00a0gym, vos escapades \u00e0 la\u00a0plage\u00a0ou vos\u00a0voyages, nos serviettes offrent\u00a0performance, douceur et praticit\u00e9.\u00a0<\/p>\n<p><a href=\"https:\/\/daydreamtowels.com\/boutique\/\" title=\"\">Magasiner<\/a><\/p>\n<p><img decoding=\"async\" src=\"https:\/\/daydreamtowels.com\/wp-content\/uploads\/2025\/10\/ligne-jaune-scaled.jpg\" alt=\"Ligne jaune\" \/><br \/>\n<img decoding=\"async\" src=\"https:\/\/daydreamtowels.com\/wp-content\/uploads\/2025\/10\/melange-photo-site-web2.png\" alt=\"\" \/><\/p>\n<h2>SIGNIFICATION<\/h2>\n<p>Le nom Daydream Towels est n\u00e9 d\u2019un r\u00eave \u2014 celui de cr\u00e9er la serviette parfaite : douce, l\u00e9g\u00e8re, absorbante, \u00e0 s\u00e9chage rapide et au design unique. Une serviette si agr\u00e9able qu\u2019elle semble tout droit sortie d\u2019un r\u00eave.<\/p>\n<p>Le mot Daydream \u00e9voque aussi les rayons de soleil qui r\u00e9chauffent la peau et illuminent les journ\u00e9es d\u2019\u00e9t\u00e9. Ces rayons repr\u00e9sentent pour nous l\u2019essence m\u00eame de nos serviettes de plage \u2014 synonymes de d\u00e9tente, de chaleur et de libert\u00e9.<\/p>\n<p>Nos serviettes capturent cette sensation : celle d\u2019un r\u00eave \u00e9veill\u00e9 sous le soleil, o\u00f9 chaque moment pass\u00e9 sur le sable devient aussi doux qu\u2019inoubliable.<\/p>\n<p><img decoding=\"async\" src=\"https:\/\/daydreamtowels.com\/wp-content\/uploads\/2025\/10\/daydreamtowels-site-web.svg\" alt=\"Daydream towels\" \/><br \/>\n<a href=\"https:\/\/www.facebook.com\/search\/top\/?q=k5%20clothing\" target=\"_blank\" rel=\"noopener\"><\/a><\/p>\n<h4>Aimez notre page Facebook pour ne rien manquer !<\/h4>\n<p>D\u00e9couvrez nos nouveaut\u00e9s, promotions exclusives et un aper\u00e7u des coulisses de nos cr\u00e9ations. Joignez-vous \u00e0 notre communaut\u00e9 et partagez votre amour pour les produits \u00e9coresponsables et inspir\u00e9s de l\u2019\u00e9t\u00e9. \ud83d\udc9b<\/p>\n<p><a href=\"https:\/\/www.facebook.com\/search\/top\/?q=k5%20clothing\" target=\"_blank\" title=\"\" rel=\"noopener\">Suivez-vous d\u00e8s maintenant!<\/a><br \/>\n<img decoding=\"async\" src=\"https:\/\/daydreamtowels.com\/wp-content\/uploads\/2025\/10\/serviette-hibiscus-creation-quebecoise.jpg\" alt=\"Serviette vague d&#039;hibiscus cr\u00e9ation qu\u00e9b\u00e9coise\" \/><\/p>\n","protected":false},"excerpt":{"rendered":"<p>\u00c0 PROPOS \u00a0 DayDream towels est n\u00e9 de deux entrepreneurs passionn\u00e9s anim\u00e9s par une m\u00eame vision : offrir des produits qui allient qualit\u00e9, durabilit\u00e9 et style,<span class=\"excerpt-hellip\"> [\u2026]<\/span><\/p>\n","protected":false},"author":2,"featured_media":477,"parent":0,"menu_order":0,"comment_status":"open","ping_status":"closed","template":"","meta":{"footnotes":""},"class_list":["post-476","page","type-page","status-publish","has-post-thumbnail","hentry"],"_links":{"self":[{"href":"https:\/\/daydreamtowels.com\/en\/wp-json\/wp\/v2\/pages\/476","targetHints":{"allow":["GET"]}}],"collection":[{"href":"https:\/\/daydreamtowels.com\/en\/wp-json\/wp\/v2\/pages"}],"about":[{"href":"https:\/\/daydreamtowels.com\/en\/wp-json\/wp\/v2\/types\/page"}],"author":[{"embeddable":true,"href":"https:\/\/daydreamtowels.com\/en\/wp-json\/wp\/v2\/users\/2"}],"replies":[{"embeddable":true,"href":"https:\/\/daydreamtowels.com\/en\/wp-json\/wp\/v2\/comments?post=476"}],"version-history":[{"count":2,"href":"https:\/\/daydreamtowels.com\/en\/wp-json\/wp\/v2\/pages\/476\/revisions"}],"predecessor-version":[{"id":479,"href":"https:\/\/daydreamtowels.com\/en\/wp-json\/wp\/v2\/pages\/476\/revisions\/479"}],"wp:featuredmedia":[{"embeddable":true,"href":"https:\/\/daydreamtowels.com\/en\/wp-json\/wp\/v2\/media\/477"}],"wp:attachment":[{"href":"https:\/\/daydreamtowels.com\/en\/wp-json\/wp\/v2\/media?parent=476"}],"curies":[{"name":"wp","href":"https:\/\/api.w.org\/{rel}","templated":true}]}}