{"id":504,"date":"2025-10-16T12:32:53","date_gmt":"2025-10-16T12:32:53","guid":{"rendered":"https:\/\/daydreamtowels.com\/cart\/"},"modified":"2025-11-03T16:23:17","modified_gmt":"2025-11-03T16:23:17","slug":"cart","status":"publish","type":"page","link":"https:\/\/daydreamtowels.com\/en\/cart\/","title":{"rendered":"Cart"},"content":{"rendered":"\n<div data-block-name=\"woocommerce\/cart\" class=\"wp-block-woocommerce-cart alignwide is-loading\">\n<div data-block-name=\"woocommerce\/filled-cart-block\" class=\"wp-block-woocommerce-filled-cart-block\">\n<div data-block-name=\"woocommerce\/cart-items-block\" class=\"wp-block-woocommerce-cart-items-block\">\n<div data-block-name=\"woocommerce\/cart-line-items-block\" class=\"wp-block-woocommerce-cart-line-items-block\"><\/div>\n\n\n<\/div>\n\n\n\n\n<div data-block-name=\"woocommerce\/cart-totals-block\" class=\"wp-block-woocommerce-cart-totals-block\">\n<div data-block-name=\"woocommerce\/cart-order-summary-block\" class=\"wp-block-woocommerce-cart-order-summary-block\">\n<div data-block-name=\"woocommerce\/cart-order-summary-heading-block\" class=\"wp-block-woocommerce-cart-order-summary-heading-block\"><\/div><div data-block-name=\"woocommerce\/cart-order-summary-coupon-form-block\" class=\"wp-block-woocommerce-cart-order-summary-coupon-form-block\"><\/div><div data-block-name=\"woocommerce\/cart-order-summary-totals-block\" class=\"wp-block-woocommerce-cart-order-summary-totals-block\">\n<div data-block-name=\"woocommerce\/cart-order-summary-subtotal-block\" class=\"wp-block-woocommerce-cart-order-summary-subtotal-block\"><\/div>\n<div data-block-name=\"woocommerce\/cart-order-summary-discount-block\" class=\"wp-block-woocommerce-cart-order-summary-discount-block\"><\/div>\n<div data-block-name=\"woocommerce\/cart-order-summary-fee-block\" class=\"wp-block-woocommerce-cart-order-summary-fee-block\"><\/div>\n<div data-block-name=\"woocommerce\/cart-order-summary-shipping-block\" class=\"wp-block-woocommerce-cart-order-summary-shipping-block\"><\/div>\n<div data-block-name=\"woocommerce\/cart-order-summary-taxes-block\" class=\"wp-block-woocommerce-cart-order-summary-taxes-block\"><\/div><\/div>\n<\/div>\n\n\n\n<div data-block-name=\"woocommerce\/cart-express-payment-block\" class=\"wp-block-woocommerce-cart-express-payment-block\"><\/div>\n\n\n\n<div data-block-name=\"woocommerce\/proceed-to-checkout-block\" class=\"wp-block-woocommerce-proceed-to-checkout-block\"><\/div>\n\n\n\n<div data-block-name=\"woocommerce\/cart-accepted-payment-methods-block\" class=\"wp-block-woocommerce-cart-accepted-payment-methods-block\"><\/div>\n<\/div>\n<\/div>\n\n\n\n<div data-block-name=\"woocommerce\/empty-cart-block\" class=\"wp-block-woocommerce-empty-cart-block\">\n<h2 class=\"wp-block-heading has-text-align-center with-empty-cart-icon wc-block-cart__empty-cart__title\">Your cart is currently empty!<\/h2>\n\n\n\n<hr class=\"wp-block-separator has-alpha-channel-opacity is-style-dots\"\/>\n\n\n\n<h2 class=\"wp-block-heading has-text-align-center\">New in store<\/h2>\n\n\n<div data-block-name=\"woocommerce\/product-new\" data-columns=\"4\" data-rows=\"1\" class=\"wc-block-grid wp-block-product-new wp-block-woocommerce-product-new wc-block-product-new has-4-columns\"><ul class=\"wc-block-grid__products\"><li class=\"wc-block-grid__product\">\n\t\t\t\t<a href=\"https:\/\/daydreamtowels.com\/en\/produit\/microfiber-dishcloth-wildflowers\/\" class=\"wc-block-grid__product-link\">\n\t\t\t\t\t\n\t\t\t\t\t<div class=\"wc-block-grid__product-image\"><img loading=\"lazy\" decoding=\"async\" width=\"800\" height=\"800\" src=\"https:\/\/daydreamtowels.com\/wp-content\/uploads\/2025\/10\/linge-vaisselle-fleur-des-champs-web-800x800.jpg\" class=\"attachment-woocommerce_thumbnail size-woocommerce_thumbnail\" alt=\"Linge \u00e0 vaisselle fleurs des champs\" srcset=\"https:\/\/daydreamtowels.com\/wp-content\/uploads\/2025\/10\/linge-vaisselle-fleur-des-champs-web-800x800.jpg 800w, https:\/\/daydreamtowels.com\/wp-content\/uploads\/2025\/10\/linge-vaisselle-fleur-des-champs-web-500x500.jpg 500w, https:\/\/daydreamtowels.com\/wp-content\/uploads\/2025\/10\/linge-vaisselle-fleur-des-champs-web-300x300.jpg 300w, https:\/\/daydreamtowels.com\/wp-content\/uploads\/2025\/10\/linge-vaisselle-fleur-des-champs-web-768x768.jpg 768w, https:\/\/daydreamtowels.com\/wp-content\/uploads\/2025\/10\/linge-vaisselle-fleur-des-champs-web-150x150.jpg 150w, https:\/\/daydreamtowels.com\/wp-content\/uploads\/2025\/10\/linge-vaisselle-fleur-des-champs-web-75x75.jpg 75w, https:\/\/daydreamtowels.com\/wp-content\/uploads\/2025\/10\/linge-vaisselle-fleur-des-champs-web-480x480.jpg 480w, https:\/\/daydreamtowels.com\/wp-content\/uploads\/2025\/10\/linge-vaisselle-fleur-des-champs-web.jpg 1000w\" sizes=\"auto, (max-width:767px) 480px, (max-width:800px) 100vw, 800px\" \/><\/div>\n\t\t\t\t\t<div class=\"wc-block-grid__product-title\">Microfiber dishcloth &#8211; Wildflowers<\/div>\n\t\t\t\t<\/a>\n\t\t\t\t<div class=\"wc-block-grid__product-price price\"><span class=\"woocommerce-Price-amount amount\"><span class=\"woocommerce-Price-currencySymbol\">&#036;<\/span>24.99<\/span><\/div>\n\t\t\t\t\n\t\t\t\t<div class=\"wp-block-button wc-block-grid__product-add-to-cart\"><a href=\"\/en\/wp-json\/wp\/v2\/pages\/504?add-to-cart=510\" aria-label=\"Add to cart: &ldquo;Microfiber dishcloth - Wildflowers&rdquo;\" data-quantity=\"1\" data-product_id=\"510\" data-product_sku=\"\" data-price=\"24.99\" rel=\"nofollow\" class=\"wp-block-button__link  add_to_cart_button ajax_add_to_cart\">Add to cart<\/a><\/div>\n\t\t\t<\/li><li class=\"wc-block-grid__product\">\n\t\t\t\t<a href=\"https:\/\/daydreamtowels.com\/en\/produit\/dishcloth-eternal-summer\/\" class=\"wc-block-grid__product-link\">\n\t\t\t\t\t\n\t\t\t\t\t<div class=\"wc-block-grid__product-image\"><img loading=\"lazy\" decoding=\"async\" width=\"800\" height=\"800\" src=\"https:\/\/daydreamtowels.com\/wp-content\/uploads\/2025\/10\/linge-vaisselle-ete-eternel-web-800x800.jpg\" class=\"attachment-woocommerce_thumbnail size-woocommerce_thumbnail\" alt=\"Linge \u00e0 vaisselle \u00e9t\u00e9 \u00e9ternel\" srcset=\"https:\/\/daydreamtowels.com\/wp-content\/uploads\/2025\/10\/linge-vaisselle-ete-eternel-web-800x800.jpg 800w, https:\/\/daydreamtowels.com\/wp-content\/uploads\/2025\/10\/linge-vaisselle-ete-eternel-web-500x500.jpg 500w, https:\/\/daydreamtowels.com\/wp-content\/uploads\/2025\/10\/linge-vaisselle-ete-eternel-web-300x300.jpg 300w, https:\/\/daydreamtowels.com\/wp-content\/uploads\/2025\/10\/linge-vaisselle-ete-eternel-web-768x768.jpg 768w, https:\/\/daydreamtowels.com\/wp-content\/uploads\/2025\/10\/linge-vaisselle-ete-eternel-web-150x150.jpg 150w, https:\/\/daydreamtowels.com\/wp-content\/uploads\/2025\/10\/linge-vaisselle-ete-eternel-web-75x75.jpg 75w, https:\/\/daydreamtowels.com\/wp-content\/uploads\/2025\/10\/linge-vaisselle-ete-eternel-web-480x480.jpg 480w, https:\/\/daydreamtowels.com\/wp-content\/uploads\/2025\/10\/linge-vaisselle-ete-eternel-web.jpg 1000w\" sizes=\"auto, (max-width:767px) 480px, (max-width:800px) 100vw, 800px\" \/><\/div>\n\t\t\t\t\t<div class=\"wc-block-grid__product-title\">Dishcloth &#8211; Eternal Summer<\/div>\n\t\t\t\t<\/a>\n\t\t\t\t<div class=\"wc-block-grid__product-price price\"><span class=\"woocommerce-Price-amount amount\"><span class=\"woocommerce-Price-currencySymbol\">&#036;<\/span>24.99<\/span><\/div>\n\t\t\t\t\n\t\t\t\t<div class=\"wp-block-button wc-block-grid__product-add-to-cart\"><a href=\"\/en\/wp-json\/wp\/v2\/pages\/504?add-to-cart=511\" aria-label=\"Add to cart: &ldquo;Dishcloth - Eternal Summer&rdquo;\" data-quantity=\"1\" data-product_id=\"511\" data-product_sku=\"\" data-price=\"24.99\" rel=\"nofollow\" class=\"wp-block-button__link  add_to_cart_button ajax_add_to_cart\">Add to cart<\/a><\/div>\n\t\t\t<\/li><li class=\"wc-block-grid__product\">\n\t\t\t\t<a href=\"https:\/\/daydreamtowels.com\/en\/produit\/dishcloth-golden-bouquet\/\" class=\"wc-block-grid__product-link\">\n\t\t\t\t\t\n\t\t\t\t\t<div class=\"wc-block-grid__product-image\"><img loading=\"lazy\" decoding=\"async\" width=\"800\" height=\"800\" src=\"https:\/\/daydreamtowels.com\/wp-content\/uploads\/2025\/10\/linge-vaisselle-bouquet-dore-web-800x800.jpg\" class=\"attachment-woocommerce_thumbnail size-woocommerce_thumbnail\" alt=\"Linge \u00e0 vaisselle bouquet dor\u00e9\" srcset=\"https:\/\/daydreamtowels.com\/wp-content\/uploads\/2025\/10\/linge-vaisselle-bouquet-dore-web-800x800.jpg 800w, https:\/\/daydreamtowels.com\/wp-content\/uploads\/2025\/10\/linge-vaisselle-bouquet-dore-web-500x500.jpg 500w, https:\/\/daydreamtowels.com\/wp-content\/uploads\/2025\/10\/linge-vaisselle-bouquet-dore-web-300x300.jpg 300w, https:\/\/daydreamtowels.com\/wp-content\/uploads\/2025\/10\/linge-vaisselle-bouquet-dore-web-768x768.jpg 768w, https:\/\/daydreamtowels.com\/wp-content\/uploads\/2025\/10\/linge-vaisselle-bouquet-dore-web-150x150.jpg 150w, https:\/\/daydreamtowels.com\/wp-content\/uploads\/2025\/10\/linge-vaisselle-bouquet-dore-web-75x75.jpg 75w, https:\/\/daydreamtowels.com\/wp-content\/uploads\/2025\/10\/linge-vaisselle-bouquet-dore-web-480x480.jpg 480w, https:\/\/daydreamtowels.com\/wp-content\/uploads\/2025\/10\/linge-vaisselle-bouquet-dore-web.jpg 1000w\" sizes=\"auto, (max-width:767px) 480px, (max-width:800px) 100vw, 800px\" \/><\/div>\n\t\t\t\t\t<div class=\"wc-block-grid__product-title\">Dishcloth &#8211; Golden Bouquet<\/div>\n\t\t\t\t<\/a>\n\t\t\t\t<div class=\"wc-block-grid__product-price price\"><span class=\"woocommerce-Price-amount amount\"><span class=\"woocommerce-Price-currencySymbol\">&#036;<\/span>24.99<\/span><\/div>\n\t\t\t\t\n\t\t\t\t<div class=\"wp-block-button wc-block-grid__product-add-to-cart\"><a href=\"\/en\/wp-json\/wp\/v2\/pages\/504?add-to-cart=514\" aria-label=\"Add to cart: &ldquo;Dishcloth - Golden Bouquet&rdquo;\" data-quantity=\"1\" data-product_id=\"514\" data-product_sku=\"\" data-price=\"24.99\" rel=\"nofollow\" class=\"wp-block-button__link  add_to_cart_button ajax_add_to_cart\">Add to cart<\/a><\/div>\n\t\t\t<\/li><li class=\"wc-block-grid__product\">\n\t\t\t\t<a href=\"https:\/\/daydreamtowels.com\/en\/produit\/dishcloth-morning-orange\/\" class=\"wc-block-grid__product-link\">\n\t\t\t\t\t\n\t\t\t\t\t<div class=\"wc-block-grid__product-image\"><img loading=\"lazy\" decoding=\"async\" width=\"800\" height=\"800\" src=\"https:\/\/daydreamtowels.com\/wp-content\/uploads\/2025\/10\/linge-vaisselle-orange-matinal-800x800.jpg\" class=\"attachment-woocommerce_thumbnail size-woocommerce_thumbnail\" alt=\"Linge \u00e0 vaisselle orange matinal\" srcset=\"https:\/\/daydreamtowels.com\/wp-content\/uploads\/2025\/10\/linge-vaisselle-orange-matinal-800x800.jpg 800w, https:\/\/daydreamtowels.com\/wp-content\/uploads\/2025\/10\/linge-vaisselle-orange-matinal-500x500.jpg 500w, https:\/\/daydreamtowels.com\/wp-content\/uploads\/2025\/10\/linge-vaisselle-orange-matinal-300x300.jpg 300w, https:\/\/daydreamtowels.com\/wp-content\/uploads\/2025\/10\/linge-vaisselle-orange-matinal-768x768.jpg 768w, https:\/\/daydreamtowels.com\/wp-content\/uploads\/2025\/10\/linge-vaisselle-orange-matinal-150x150.jpg 150w, https:\/\/daydreamtowels.com\/wp-content\/uploads\/2025\/10\/linge-vaisselle-orange-matinal-75x75.jpg 75w, https:\/\/daydreamtowels.com\/wp-content\/uploads\/2025\/10\/linge-vaisselle-orange-matinal-480x480.jpg 480w, https:\/\/daydreamtowels.com\/wp-content\/uploads\/2025\/10\/linge-vaisselle-orange-matinal.jpg 1000w\" sizes=\"auto, (max-width:767px) 480px, (max-width:800px) 100vw, 800px\" \/><\/div>\n\t\t\t\t\t<div class=\"wc-block-grid__product-title\">Dishcloth &#8211; Morning Orange<\/div>\n\t\t\t\t<\/a>\n\t\t\t\t<div class=\"wc-block-grid__product-price price\"><span class=\"woocommerce-Price-amount amount\"><span class=\"woocommerce-Price-currencySymbol\">&#036;<\/span>24.99<\/span><\/div>\n\t\t\t\t\n\t\t\t\t<div class=\"wp-block-button wc-block-grid__product-add-to-cart\"><a href=\"\/en\/wp-json\/wp\/v2\/pages\/504?add-to-cart=516\" aria-label=\"Add to cart: &ldquo;Dishcloth - Morning Orange&rdquo;\" data-quantity=\"1\" data-product_id=\"516\" data-product_sku=\"\" data-price=\"24.99\" rel=\"nofollow\" class=\"wp-block-button__link  add_to_cart_button ajax_add_to_cart\">Add to cart<\/a><\/div>\n\t\t\t<\/li><\/ul><\/div><\/div>\n<\/div>\n","protected":false},"excerpt":{"rendered":"","protected":false},"author":2,"featured_media":505,"parent":0,"menu_order":0,"comment_status":"closed","ping_status":"closed","template":"","meta":{"footnotes":""},"class_list":["post-504","page","type-page","status-publish","has-post-thumbnail","hentry"],"_links":{"self":[{"href":"https:\/\/daydreamtowels.com\/en\/wp-json\/wp\/v2\/pages\/504","targetHints":{"allow":["GET"]}}],"collection":[{"href":"https:\/\/daydreamtowels.com\/en\/wp-json\/wp\/v2\/pages"}],"about":[{"href":"https:\/\/daydreamtowels.com\/en\/wp-json\/wp\/v2\/types\/page"}],"author":[{"embeddable":true,"href":"https:\/\/daydreamtowels.com\/en\/wp-json\/wp\/v2\/users\/2"}],"replies":[{"embeddable":true,"href":"https:\/\/daydreamtowels.com\/en\/wp-json\/wp\/v2\/comments?post=504"}],"version-history":[{"count":0,"href":"https:\/\/daydreamtowels.com\/en\/wp-json\/wp\/v2\/pages\/504\/revisions"}],"wp:featuredmedia":[{"embeddable":true,"href":"https:\/\/daydreamtowels.com\/en\/wp-json\/wp\/v2\/media\/505"}],"wp:attachment":[{"href":"https:\/\/daydreamtowels.com\/en\/wp-json\/wp\/v2\/media?parent=504"}],"curies":[{"name":"wp","href":"https:\/\/api.w.org\/{rel}","templated":true}]}}